{"id":14,"date":"2019-02-14T12:17:26","date_gmt":"2019-02-14T11:17:26","guid":{"rendered":"http:\/\/shop.imphil.fr\/?post_type=product&#038;p=14"},"modified":"2019-03-04T14:47:32","modified_gmt":"2019-03-04T13:47:32","slug":"toile-60-x-40-soiree-dete","status":"publish","type":"product","link":"https:\/\/shop.imphil.fr\/?product=toile-60-x-40-soiree-dete","title":{"rendered":"Toile 60 x 40 \u00ab\u00a0Soir\u00e9e d&rsquo;\u00e9t\u00e9\u00a0\u00bb"},"content":{"rendered":"<p>Toile 60&#215;40<\/p>\n","protected":false},"excerpt":{"rendered":"<p>Toile 60&#215;40<\/p>\n","protected":false},"featured_media":33,"template":"","meta":{"spay_email":"","jetpack_publicize_message":"","jetpack_is_tweetstorm":false,"jetpack_publicize_feature_enabled":true},"product_cat":[16],"product_tag":[17,19,18,20],"jetpack_publicize_connections":[],"jetpack_sharing_enabled":false,"_links":{"self":[{"href":"https:\/\/shop.imphil.fr\/index.php?rest_route=\/wp\/v2\/product\/14"}],"collection":[{"href":"https:\/\/shop.imphil.fr\/index.php?rest_route=\/wp\/v2\/product"}],"about":[{"href":"https:\/\/shop.imphil.fr\/index.php?rest_route=\/wp\/v2\/types\/product"}],"wp:featuredmedia":[{"embeddable":true,"href":"https:\/\/shop.imphil.fr\/index.php?rest_route=\/wp\/v2\/media\/33"}],"wp:attachment":[{"href":"https:\/\/shop.imphil.fr\/index.php?rest_route=%2Fwp%2Fv2%2Fmedia&parent=14"}],"wp:term":[{"taxonomy":"product_cat","embeddable":true,"href":"https:\/\/shop.imphil.fr\/index.php?rest_route=%2Fwp%2Fv2%2Fproduct_cat&post=14"},{"taxonomy":"product_tag","embeddable":true,"href":"https:\/\/shop.imphil.fr\/index.php?rest_route=%2Fwp%2Fv2%2Fproduct_tag&post=14"}],"curies":[{"name":"wp","href":"https:\/\/api.w.org\/{rel}","templated":true}]}}